{"id":53,"date":"2020-10-25T04:14:52","date_gmt":"2020-10-25T04:14:52","guid":{"rendered":"https:\/\/www.devsnews.com\/wp\/sycho\/?page_id=53"},"modified":"2024-10-01T17:24:50","modified_gmt":"2024-10-01T14:24:50","slug":"genel-baskan","status":"publish","type":"page","link":"https:\/\/oksiad.org\/en\/genel-baskan\/","title":{"rendered":"Chairman"},"content":{"rendered":"<div data-elementor-type=\"wp-page\" data-elementor-id=\"53\" class=\"elementor elementor-53\" data-elementor-post-type=\"page\">\n\t\t\t\t<div class=\"elementor-element elementor-element-e8f1889 e-con-full e-flex e-con e-parent\" data-id=\"e8f1889\" data-element_type=\"container\">\n\t\t<div class=\"elementor-element elementor-element-ac34d1a e-con-full e-flex e-con e-child\" data-id=\"ac34d1a\" data-element_type=\"container\">\n\t\t\t\t<div class=\"elementor-element elementor-element-84cfab1 elementor-widget elementor-widget-image\" data-id=\"84cfab1\" data-element_type=\"widget\" data-widget_type=\"image.default\">\n\t\t\t\t<div class=\"elementor-widget-container\">\n\t\t\t<style>\/*! elementor - v3.21.0 - 26-05-2024 *\/\n.elementor-widget-image{text-align:center}.elementor-widget-image a{display:inline-block}.elementor-widget-image a img[src$=\".svg\"]{width:48px}.elementor-widget-image img{vertical-align:middle;display:inline-block}<\/style>\t\t\t\t\t\t\t\t\t\t<img fetchpriority=\"high\" decoding=\"async\" width=\"640\" height=\"640\" src=\"https:\/\/oksiad.org\/wp-content\/uploads\/2022\/08\/DSC_4139-DeNoiseAI-clear2-1024x1024.jpg\" class=\"attachment-large size-large wp-image-1437\" alt=\"\" srcset=\"https:\/\/oksiad.org\/wp-content\/uploads\/2022\/08\/DSC_4139-DeNoiseAI-clear2-1024x1024.jpg 1024w, https:\/\/oksiad.org\/wp-content\/uploads\/2022\/08\/DSC_4139-DeNoiseAI-clear2-300x300.jpg 300w, https:\/\/oksiad.org\/wp-content\/uploads\/2022\/08\/DSC_4139-DeNoiseAI-clear2-150x150.jpg 150w, https:\/\/oksiad.org\/wp-content\/uploads\/2022\/08\/DSC_4139-DeNoiseAI-clear2-768x768.jpg 768w, https:\/\/oksiad.org\/wp-content\/uploads\/2022\/08\/DSC_4139-DeNoiseAI-clear2.jpg 1306w\" sizes=\"(max-width: 640px) 100vw, 640px\" \/>\t\t\t\t\t\t\t\t\t\t\t\t\t<\/div>\n\t\t\t\t<\/div>\n\t\t\t\t<\/div>\n\t\t<div class=\"elementor-element elementor-element-db3f8d3 e-con-full e-flex e-con e-child\" data-id=\"db3f8d3\" data-element_type=\"container\">\n\t\t\t\t<div class=\"elementor-element elementor-element-fa1d393 elementor-widget elementor-widget-text-editor\" data-id=\"fa1d393\" data-element_type=\"widget\" data-widget_type=\"text-editor.default\">\n\t\t\t\t<div class=\"elementor-widget-container\">\n\t\t\t<style>\/*! elementor - v3.21.0 - 26-05-2024 *\/\n.elementor-widget-text-editor.elementor-drop-cap-view-stacked .elementor-drop-cap{background-color:#69727d;color:#fff}.elementor-widget-text-editor.elementor-drop-cap-view-framed .elementor-drop-cap{color:#69727d;border:3px solid;background-color:transparent}.elementor-widget-text-editor:not(.elementor-drop-cap-view-default) .elementor-drop-cap{margin-top:8px}.elementor-widget-text-editor:not(.elementor-drop-cap-view-default) .elementor-drop-cap-letter{width:1em;height:1em}.elementor-widget-text-editor .elementor-drop-cap{float:left;text-align:center;line-height:1;font-size:50px}.elementor-widget-text-editor .elementor-drop-cap-letter{display:inline-block}<\/style>\t\t\t\t<h1 style=\"text-align: center;\">Erhan KARABA\u011e<\/h1><h3 style=\"text-align: center;\">The Chairman of OKS\u0130AD<\/h3>\t\t\t\t\t\t<\/div>\n\t\t\t\t<\/div>\n\t\t\t\t<div class=\"elementor-element elementor-element-c3fbc89 elementor-widget elementor-widget-text-editor\" data-id=\"c3fbc89\" data-element_type=\"widget\" data-widget_type=\"text-editor.default\">\n\t\t\t\t<div class=\"elementor-widget-container\">\n\t\t\t\t\t\t\t<p>He was born in 1976 in Ankara. The province to which he is affiliated is Ardahan, \u00c7\u0131ld\u0131r district. After completing primary school in Gaziantep and Siirt, secondary school in Ankara and Samsun, he received his high school education in Ni\u011fde. He completed his university education at the Department of Civil Engineering, Faculty of Engineering, Dokuz Eylul University.<br \/><br \/>In 1999-2001, he worked in Atat\u00fcrk Airport New International Lines Construction as the Site Chief of Aka Yap\u0131.<br \/><br \/>Between 2001 and 2003, he worked as the General Manager of two different companies in Ankara and Eski\u015fehir belonging to the same company.<br \/><br \/>From the beginning of 2003 until 2009, he worked as the Founding Regional Manager of Global Yap\u0131 Elements in Siteler \/ Ankara.<br \/><br \/>After working as the General Coordinator of the Global Building Elements company in Istanbul between 2009 and 2013, he founded ACP Construction Corporation in 2013.<br \/><br \/>He is currently serving as the Chairman of the Board of Directors<br \/><br \/>With the establishment of Ankara Regional Directorate of Global Yap\u0131 Elemanlar\u0131 company in 2003, he started to operate in the Automatic Door Sector, and his studies on this area are still continuing.<br \/><br \/>At the same time, he continues his activities in the fields of agriculture, tourism, real estate, construction contracting within the company.<br \/><br \/>In addition to being married and father of three children, Erhan Karaba\u011f also took part in different positions in non-governmental organizations and continues to do so.<br \/><br \/>Other positions he has held include: ASO committee membership, World Business People's Association Deputy Chairman of the Board, Chairman of the Board of Directors of the Automatic Door Industrialists and Businessmen Association.<\/p>\t\t\t\t\t\t<\/div>\n\t\t\t\t<\/div>\n\t\t\t\t<\/div>\n\t\t\t\t<\/div>\n\t\t\t\t<\/div>","protected":false},"excerpt":{"rendered":"<p>Erhan KARABA\u011e OKS\u0130AD Genel Ba\u015fkan\u0131 1976 y\u0131l\u0131nda Ankara da do\u011fdu. Aslen Ardahan ili \u00c7\u0131ld\u0131r il\u00e7esi n\u00fcfusuna kay\u0131tl\u0131 Erhan Karaba\u011f \u0130lkokulu Gaziantep ve Siirt, Ortaokulu Ankara ve Samsun, Lise e\u011fitimini Ni\u011fde \u2018de \u00dcniversite e\u011fitimini \u2018Dokuz Eyl\u00fcl \u00dcniversitesi M\u00fchendislik Fak\u00fcltesi \u0130n\u015faat M\u00fchendisli\u011fi B\u00f6l\u00fcm\u00fc\u2019nde Tamamlad\u0131. 1999-2001 y\u0131llar\u0131nda Aka Yap\u0131 firmas\u0131 \u015eantiye \u015eefi olarak Atat\u00fcrk Havaliman\u0131 Yeni D\u0131\u015f Hatlar [&hellip;]<\/p>","protected":false},"author":1,"featured_media":0,"parent":0,"menu_order":0,"comment_status":"closed","ping_status":"closed","template":"elementor_header_footer","meta":{"_acf_changed":false,"footnotes":""},"class_list":["post-53","page","type-page","status-publish","hentry"],"acf":[],"jetpack_sharing_enabled":true,"_links":{"self":[{"href":"https:\/\/oksiad.org\/en\/wp-json\/wp\/v2\/pages\/53","targetHints":{"allow":["GET"]}}],"collection":[{"href":"https:\/\/oksiad.org\/en\/wp-json\/wp\/v2\/pages"}],"about":[{"href":"https:\/\/oksiad.org\/en\/wp-json\/wp\/v2\/types\/page"}],"author":[{"embeddable":true,"href":"https:\/\/oksiad.org\/en\/wp-json\/wp\/v2\/users\/1"}],"replies":[{"embeddable":true,"href":"https:\/\/oksiad.org\/en\/wp-json\/wp\/v2\/comments?post=53"}],"version-history":[{"count":45,"href":"https:\/\/oksiad.org\/en\/wp-json\/wp\/v2\/pages\/53\/revisions"}],"predecessor-version":[{"id":2096,"href":"https:\/\/oksiad.org\/en\/wp-json\/wp\/v2\/pages\/53\/revisions\/2096"}],"wp:attachment":[{"href":"https:\/\/oksiad.org\/en\/wp-json\/wp\/v2\/media?parent=53"}],"curies":[{"name":"wp","href":"https:\/\/api.w.org\/{rel}","templated":true}]}}