{"id":1063,"date":"2022-08-13T02:44:18","date_gmt":"2022-08-12T23:44:18","guid":{"rendered":"https:\/\/oksiad.org\/demo\/?page_id=1063"},"modified":"2022-08-25T22:45:13","modified_gmt":"2022-08-25T19:45:13","slug":"il-temsilciliklerimiz","status":"publish","type":"page","link":"https:\/\/oksiad.org\/tr_tr\/il-temsilciliklerimiz\/","title":{"rendered":"\u0130l Temsilciliklerimiz"},"content":{"rendered":"\t\t<div data-elementor-type=\"wp-page\" data-elementor-id=\"1063\" class=\"elementor elementor-1063\" data-elementor-post-type=\"page\">\n\t\t\t\t\t\t<section class=\"elementor-section elementor-top-section elementor-element elementor-element-6d51a6e elementor-section-full_width elementor-section-height-default elementor-section-height-default\" data-id=\"6d51a6e\" data-element_type=\"section\">\n\t\t\t\t\t\t<div class=\"elementor-container elementor-column-gap-no\">\n\t\t\t\t\t<div class=\"elementor-column elementor-col-100 elementor-top-column elementor-element elementor-element-e766cce\" data-id=\"e766cce\" data-element_type=\"column\">\n\t\t\t<div class=\"elementor-widget-wrap elementor-element-populated\">\n\t\t\t\t\t\t<div class=\"elementor-element elementor-element-63bcbb3 elementor-widget elementor-widget-text-editor\" data-id=\"63bcbb3\" data-element_type=\"widget\" data-widget_type=\"text-editor.default\">\n\t\t\t\t<div class=\"elementor-widget-container\">\n\t\t\t<style>\/*! elementor - v3.21.0 - 26-05-2024 *\/\n.elementor-widget-text-editor.elementor-drop-cap-view-stacked .elementor-drop-cap{background-color:#69727d;color:#fff}.elementor-widget-text-editor.elementor-drop-cap-view-framed .elementor-drop-cap{color:#69727d;border:3px solid;background-color:transparent}.elementor-widget-text-editor:not(.elementor-drop-cap-view-default) .elementor-drop-cap{margin-top:8px}.elementor-widget-text-editor:not(.elementor-drop-cap-view-default) .elementor-drop-cap-letter{width:1em;height:1em}.elementor-widget-text-editor .elementor-drop-cap{float:left;text-align:center;line-height:1;font-size:50px}.elementor-widget-text-editor .elementor-drop-cap-letter{display:inline-block}<\/style>\t\t\t\t<h1 style=\"text-align: center;\">\u0130l Temsilciliklerimiz<\/h1><p>\u00a0<\/p>\t\t\t\t\t\t<\/div>\n\t\t\t\t<\/div>\n\t\t\t\t\t<\/div>\n\t\t<\/div>\n\t\t\t\t\t<\/div>\n\t\t<\/section>\n\t\t\t\t<section class=\"elementor-section elementor-top-section elementor-element elementor-element-3dcc496 elementor-section-boxed elementor-section-height-default elementor-section-height-default\" data-id=\"3dcc496\" data-element_type=\"section\">\n\t\t\t\t\t\t<div class=\"elementor-container elementor-column-gap-default\">\n\t\t\t\t\t<div class=\"elementor-column elementor-col-100 elementor-top-column elementor-element elementor-element-9ca3131\" data-id=\"9ca3131\" data-element_type=\"column\">\n\t\t\t<div class=\"elementor-widget-wrap elementor-element-populated\">\n\t\t\t\t\t\t<div class=\"elementor-element elementor-element-98cd293 elementor-widget elementor-widget-text-editor\" data-id=\"98cd293\" data-element_type=\"widget\" data-widget_type=\"text-editor.default\">\n\t\t\t\t<div class=\"elementor-widget-container\">\n\t\t\t\t\t\t\t<p><div class=\"tmm tmm_il-temsilciliklerimiz\"><div class=\"tmm_4_columns tmm_wrap tmm_plugin_f\"><span class=\"tmm_two_containers_tablet\"><\/span><div class=\"tmm_container\"><div class=\"tmm_member\" style=\"border-top:#333333 solid 5px;\"><div class=\"tmm_photo tmm_pic_il-temsilciliklerimiz_0\" style=\"background: url(https:\/\/oksiad.org\/demo\/wp-content\/uploads\/2022\/08\/manager.png); margin-left: auto; margin-right:auto; background-size:cover !important;\"><\/div><div class=\"tmm_textblock\"><div class=\"tmm_names\"><span class=\"tmm_fname\">Sn Ali <\/span> <span class=\"tmm_lname\">\u0130hsan HASIRCI<\/span><\/div><div class=\"tmm_job\">Adana \u0130l Temsilcisi <\/div><div class=\"tmm_scblock\"><\/div><\/div><\/div><div class=\"tmm_member\" style=\"border-top:#333333 solid 5px;\"><div class=\"tmm_photo tmm_pic_il-temsilciliklerimiz_1\" style=\"background: url(https:\/\/oksiad.org\/demo\/wp-content\/uploads\/2022\/08\/manager.png); margin-left: auto; margin-right:auto; background-size:cover !important;\"><\/div><div class=\"tmm_textblock\"><div class=\"tmm_names\"><span class=\"tmm_fname\">Sn Y\u0131ld\u0131ray<\/span> <span class=\"tmm_lname\"> DEM\u0130RAY<\/span><\/div><div class=\"tmm_job\">Bursa \u0130l Temsilcisi <\/div><div class=\"tmm_scblock\"><\/div><\/div><\/div><span class=\"tmm_two_containers_tablet\"><\/span><div class=\"tmm_member\" style=\"border-top:#333333 solid 5px;\"><div class=\"tmm_photo tmm_pic_il-temsilciliklerimiz_2\" style=\"background: url(https:\/\/oksiad.org\/wp-content\/uploads\/2022\/08\/Sn-Ibrahim-CULHALIK-Istanbul-Anadolu-Yakasi-Il-Temsilcisi.jpg); margin-left: auto; margin-right:auto; background-size:cover !important;\"><\/div><div class=\"tmm_textblock\"><div class=\"tmm_names\"><span class=\"tmm_fname\">Sn \u0130brahim <\/span> <span class=\"tmm_lname\">\u00c7ULHALIK<\/span><\/div><div class=\"tmm_job\">\u0130stanbul Anadolu Yakas\u0131 \u0130l Temsilcisi <\/div><div class=\"tmm_scblock\"><\/div><\/div><\/div><div class=\"tmm_member\" style=\"border-top:#333333 solid 5px;\"><div class=\"tmm_photo tmm_pic_il-temsilciliklerimiz_3\" style=\"background: url(https:\/\/oksiad.org\/wp-content\/uploads\/2022\/08\/Suleyman-Onder-Kaya-Istanbul-Avrupa-Yakasi-Il-Temsilcisi.jpg); margin-left: auto; margin-right:auto; background-size:cover !important;\"><\/div><div class=\"tmm_textblock\"><div class=\"tmm_names\"><span class=\"tmm_fname\">Sn S\u00fcleyman<\/span> <span class=\"tmm_lname\"> \u00d6nder Kaya<\/span><\/div><div class=\"tmm_job\">\u0130stanbul Avrupa Yakas\u0131 \u0130l Temsilcisi <\/div><div class=\"tmm_scblock\"><\/div><\/div><\/div><span class=\"tmm_two_containers_tablet\"><\/span><\/div><span class=\"tmm_columns_containers_desktop\"><\/span><div class=\"tmm_container\"><div class=\"tmm_member\" style=\"border-top:#333333 solid 5px;\"><div class=\"tmm_photo tmm_pic_il-temsilciliklerimiz_4\" style=\"background: url(https:\/\/oksiad.org\/demo\/wp-content\/uploads\/2022\/08\/businesswoman.png); margin-left: auto; margin-right:auto; background-size:cover !important;\"><\/div><div class=\"tmm_textblock\"><div class=\"tmm_names\"><span class=\"tmm_fname\">Sn Merve <\/span> <span class=\"tmm_lname\">AKDORA<\/span><\/div><div class=\"tmm_job\">\u0130zmir \u0130l Temsilcisi <\/div><div class=\"tmm_scblock\"><\/div><\/div><\/div><div class=\"tmm_member\" style=\"border-top:#333333 solid 5px;\"><div class=\"tmm_photo tmm_pic_il-temsilciliklerimiz_5\" style=\"background: url(https:\/\/oksiad.org\/demo\/wp-content\/uploads\/2022\/08\/manager.png); margin-left: auto; margin-right:auto; background-size:cover !important;\"><\/div><div class=\"tmm_textblock\"><div class=\"tmm_names\"><span class=\"tmm_fname\">Sn Hasan <\/span> <span class=\"tmm_lname\">AYRANCI<\/span><\/div><div class=\"tmm_job\">Karab\u00fck \u0130l Temsilcisi <\/div><div class=\"tmm_scblock\"><\/div><\/div><\/div><span class=\"tmm_two_containers_tablet\"><\/span><div class=\"tmm_member\" style=\"border-top:#333333 solid 5px;\"><div class=\"tmm_photo tmm_pic_il-temsilciliklerimiz_6\" style=\"background: url(https:\/\/oksiad.org\/demo\/wp-content\/uploads\/2022\/08\/manager.png); margin-left: auto; margin-right:auto; background-size:cover !important;\"><\/div><div class=\"tmm_textblock\"><div class=\"tmm_names\"><span class=\"tmm_fname\">Sn Orkun <\/span> <span class=\"tmm_lname\">BAYIRY\u00dcZ<\/span><\/div><div class=\"tmm_job\">Kayseri \u0130l Temsilcisi <\/div><div class=\"tmm_scblock\"><\/div><\/div><\/div><div class=\"tmm_member\" style=\"border-top:#333333 solid 5px;\"><div class=\"tmm_photo tmm_pic_il-temsilciliklerimiz_7\" style=\"background: url(https:\/\/oksiad.org\/demo\/wp-content\/uploads\/2022\/08\/manager.png); margin-left: auto; margin-right:auto; background-size:cover !important;\"><\/div><div class=\"tmm_textblock\"><div class=\"tmm_names\"><span class=\"tmm_fname\">Sn B\u00fclent<\/span> <span class=\"tmm_lname\"> U\u011eUR <\/span><\/div><div class=\"tmm_job\">Konya \u0130l Temsilcisi <\/div><div class=\"tmm_scblock\"><\/div><\/div><\/div><span class=\"tmm_two_containers_tablet\"><\/span><\/div><span class=\"tmm_columns_containers_desktop\"><\/span><div class=\"tmm_container\"><div class=\"tmm_member\" style=\"border-top:#333333 solid 5px;\"><div class=\"tmm_photo tmm_pic_il-temsilciliklerimiz_8\" style=\"background: url(https:\/\/oksiad.org\/wp-content\/uploads\/2022\/08\/Sn-Ferit-OZCAN-Mus-Il-Temsilcisi.jpg); margin-left: auto; margin-right:auto; background-size:cover !important;\"><\/div><div class=\"tmm_textblock\"><div class=\"tmm_names\"><span class=\"tmm_fname\">Sn Ferit <\/span> <span class=\"tmm_lname\">\u00d6ZCAN<\/span><\/div><div class=\"tmm_job\">Mu\u015f \u0130l Temsilcisi <\/div><div class=\"tmm_scblock\"><\/div><\/div><\/div><div class=\"tmm_member\" style=\"border-top:#333333 solid 5px;\"><div class=\"tmm_photo tmm_pic_il-temsilciliklerimiz_9\" style=\"background: url(https:\/\/oksiad.org\/demo\/wp-content\/uploads\/2022\/08\/manager.png); margin-left: auto; margin-right:auto; background-size:cover !important;\"><\/div><div class=\"tmm_textblock\"><div class=\"tmm_names\"><span class=\"tmm_fname\">Sn Lokman <\/span> <span class=\"tmm_lname\">SADIKLAR<\/span><\/div><div class=\"tmm_job\">Trabzon \u0130l Temsilcisi <\/div><div class=\"tmm_scblock\"><\/div><\/div><\/div><div style=\"clear:both;\"><\/div><\/div><\/div><\/div><\/p>\t\t\t\t\t\t<\/div>\n\t\t\t\t<\/div>\n\t\t\t\t\t<\/div>\n\t\t<\/div>\n\t\t\t\t\t<\/div>\n\t\t<\/section>\n\t\t\t\t<\/div>\n\t\t","protected":false},"excerpt":{"rendered":"<p>\u0130l Temsilciliklerimiz<\/p>\n","protected":false},"author":1,"featured_media":0,"parent":0,"menu_order":0,"comment_status":"closed","ping_status":"closed","template":"","meta":{"_acf_changed":false,"footnotes":""},"class_list":["post-1063","page","type-page","status-publish","hentry"],"acf":[],"jetpack_sharing_enabled":true,"_links":{"self":[{"href":"https:\/\/oksiad.org\/tr_tr\/wp-json\/wp\/v2\/pages\/1063","targetHints":{"allow":["GET"]}}],"collection":[{"href":"https:\/\/oksiad.org\/tr_tr\/wp-json\/wp\/v2\/pages"}],"about":[{"href":"https:\/\/oksiad.org\/tr_tr\/wp-json\/wp\/v2\/types\/page"}],"author":[{"embeddable":true,"href":"https:\/\/oksiad.org\/tr_tr\/wp-json\/wp\/v2\/users\/1"}],"replies":[{"embeddable":true,"href":"https:\/\/oksiad.org\/tr_tr\/wp-json\/wp\/v2\/comments?post=1063"}],"version-history":[{"count":11,"href":"https:\/\/oksiad.org\/tr_tr\/wp-json\/wp\/v2\/pages\/1063\/revisions"}],"predecessor-version":[{"id":1431,"href":"https:\/\/oksiad.org\/tr_tr\/wp-json\/wp\/v2\/pages\/1063\/revisions\/1431"}],"wp:attachment":[{"href":"https:\/\/oksiad.org\/tr_tr\/wp-json\/wp\/v2\/media?parent=1063"}],"curies":[{"name":"wp","href":"https:\/\/api.w.org\/{rel}","templated":true}]}}