{"id":1605,"date":"2023-01-20T10:59:38","date_gmt":"2023-01-20T07:59:38","guid":{"rendered":"https:\/\/oksiad.org\/?page_id=1605"},"modified":"2023-01-20T13:01:22","modified_gmt":"2023-01-20T10:01:22","slug":"sosyal-faaliyetler","status":"publish","type":"page","link":"https:\/\/oksiad.org\/tr_tr\/sosyal-faaliyetler\/","title":{"rendered":"Sosyal Faaliyetler"},"content":{"rendered":"\t\t<div data-elementor-type=\"wp-page\" data-elementor-id=\"1605\" class=\"elementor elementor-1605\" data-elementor-post-type=\"page\">\n\t\t\t\t\t\t<section class=\"elementor-section elementor-top-section elementor-element elementor-element-69330fa elementor-section-boxed elementor-section-height-default elementor-section-height-default\" data-id=\"69330fa\" data-element_type=\"section\">\n\t\t\t\t\t\t<div class=\"elementor-container elementor-column-gap-default\">\n\t\t\t\t\t<div class=\"elementor-column elementor-col-50 elementor-top-column elementor-element elementor-element-b920f6d\" data-id=\"b920f6d\" data-element_type=\"column\">\n\t\t\t<div class=\"elementor-widget-wrap elementor-element-populated\">\n\t\t\t\t\t\t<div class=\"elementor-element elementor-element-5909799 elementor-cta--skin-classic elementor-animated-content elementor-bg-transform elementor-bg-transform-zoom-in elementor-widget elementor-widget-call-to-action\" data-id=\"5909799\" data-element_type=\"widget\" data-widget_type=\"call-to-action.default\">\n\t\t\t\t<div class=\"elementor-widget-container\">\n\t\t\t<link rel=\"stylesheet\" href=\"https:\/\/oksiad.org\/wp-content\/plugins\/elementor-pro\/assets\/css\/widget-call-to-action.min.css\">\t\t<div class=\"elementor-cta\">\n\t\t\t\t\t<div class=\"elementor-cta__bg-wrapper\">\n\t\t\t\t<div class=\"elementor-cta__bg elementor-bg\" style=\"background-image: url(https:\/\/oksiad.org\/wp-content\/uploads\/2023\/01\/WhatsApp-Image-2022-10-25-at-15.25.14-1-1024x755.jpeg);\" role=\"img\" aria-label=\"WhatsApp Image 2022-10-25 at 15.25.14 (1)\"><\/div>\n\t\t\t\t<div class=\"elementor-cta__bg-overlay\"><\/div>\n\t\t\t<\/div>\n\t\t\t\t\t\t\t<div class=\"elementor-cta__content\">\n\t\t\t\t\n\t\t\t\t\t\t\t\t\t<h2 class=\"elementor-cta__title elementor-cta__content-item elementor-content-item\">\n\t\t\t\t\t\tHuzurevi Ziyareti\t\t\t\t\t<\/h2>\n\t\t\t\t\n\t\t\t\t\t\t\t\t\t<div class=\"elementor-cta__description elementor-cta__content-item elementor-content-item\">\n\t\t\t\t\t\tSosyal sorumluluk projesi kapsam\u0131nda y\u00fcr\u00fctme kurulu ve kat\u0131lmak isteyen \u00fcyelerimizin katk\u0131lar\u0131 ile Ankara ilinde bulunan...\t\t\t\t\t<\/div>\n\t\t\t\t\n\t\t\t\t\t\t\t\t\t<div class=\"elementor-cta__button-wrapper elementor-cta__content-item elementor-content-item \">\n\t\t\t\t\t<a class=\"elementor-cta__button elementor-button elementor-size-\" href=\"https:\/\/oksiad.org\/sosyal-faaliyetler\/huzurevi-ziyareti\" target=\"_blank\">\n\t\t\t\t\t\tG\u00f6r\u00fcnt\u00fcle\t\t\t\t\t<\/a>\n\t\t\t\t\t<\/div>\n\t\t\t\t\t\t\t<\/div>\n\t\t\t\t\t\t<\/div>\n\t\t\t\t<\/div>\n\t\t\t\t<\/div>\n\t\t\t\t\t<\/div>\n\t\t<\/div>\n\t\t\t\t<div class=\"elementor-column elementor-col-50 elementor-top-column elementor-element elementor-element-e98c3d0\" data-id=\"e98c3d0\" data-element_type=\"column\">\n\t\t\t<div class=\"elementor-widget-wrap elementor-element-populated\">\n\t\t\t\t\t\t<div class=\"elementor-element elementor-element-be86601 elementor-cta--skin-classic elementor-animated-content elementor-bg-transform elementor-bg-transform-zoom-in elementor-widget elementor-widget-call-to-action\" data-id=\"be86601\" data-element_type=\"widget\" data-widget_type=\"call-to-action.default\">\n\t\t\t\t<div class=\"elementor-widget-container\">\n\t\t\t\t\t<div class=\"elementor-cta\">\n\t\t\t\t\t<div class=\"elementor-cta__bg-wrapper\">\n\t\t\t\t<div class=\"elementor-cta__bg elementor-bg\" style=\"background-image: url(https:\/\/oksiad.org\/wp-content\/uploads\/2023\/01\/WhatsApp-Image-2022-10-25-at-15.25.13-1024x768.jpeg);\" role=\"img\" aria-label=\"\"><\/div>\n\t\t\t\t<div class=\"elementor-cta__bg-overlay\"><\/div>\n\t\t\t<\/div>\n\t\t\t\t\t\t\t<div class=\"elementor-cta__content\">\n\t\t\t\t\n\t\t\t\t\t\t\t\t\t<h2 class=\"elementor-cta__title elementor-cta__content-item elementor-content-item\">\n\t\t\t\t\t\tOkul Ziyareti\t\t\t\t\t<\/h2>\n\t\t\t\t\n\t\t\t\t\t\t\t\t\t<div class=\"elementor-cta__description elementor-cta__content-item elementor-content-item\">\n\t\t\t\t\t\tSosyal sorumluluk projesi kapsam\u0131nda ilk etkinli\u011fimizi y\u00fcr\u00fctme kurulu ve kat\u0131lmak isteyen \u00fcyelerimizin...\t\t\t\t\t<\/div>\n\t\t\t\t\n\t\t\t\t\t\t\t\t\t<div class=\"elementor-cta__button-wrapper elementor-cta__content-item elementor-content-item \">\n\t\t\t\t\t<a class=\"elementor-cta__button elementor-button elementor-size-\" href=\"https:\/\/oksiad.org\/sosyal-faaliyetler\/okul-ziyareti\">\n\t\t\t\t\t\tG\u00f6r\u00fcnt\u00fcle\t\t\t\t\t<\/a>\n\t\t\t\t\t<\/div>\n\t\t\t\t\t\t\t<\/div>\n\t\t\t\t\t\t<\/div>\n\t\t\t\t<\/div>\n\t\t\t\t<\/div>\n\t\t\t\t\t<\/div>\n\t\t<\/div>\n\t\t\t\t\t<\/div>\n\t\t<\/section>\n\t\t\t\t<\/div>\n\t\t","protected":false},"excerpt":{"rendered":"<p>Huzurevi Ziyareti Sosyal sorumluluk projesi kapsam\u0131nda y\u00fcr\u00fctme kurulu ve kat\u0131lmak isteyen \u00fcyelerimizin katk\u0131lar\u0131 ile Ankara ilinde bulunan&#8230; G\u00f6r\u00fcnt\u00fcle Okul Ziyareti Sosyal sorumluluk projesi kapsam\u0131nda ilk etkinli\u011fimizi y\u00fcr\u00fctme kurulu ve kat\u0131lmak isteyen \u00fcyelerimizin&#8230; G\u00f6r\u00fcnt\u00fcle<\/p>\n","protected":false},"author":1,"featured_media":0,"parent":0,"menu_order":0,"comment_status":"closed","ping_status":"closed","template":"","meta":{"_acf_changed":false,"footnotes":""},"class_list":["post-1605","page","type-page","status-publish","hentry"],"acf":[],"jetpack_sharing_enabled":true,"_links":{"self":[{"href":"https:\/\/oksiad.org\/tr_tr\/wp-json\/wp\/v2\/pages\/1605","targetHints":{"allow":["GET"]}}],"collection":[{"href":"https:\/\/oksiad.org\/tr_tr\/wp-json\/wp\/v2\/pages"}],"about":[{"href":"https:\/\/oksiad.org\/tr_tr\/wp-json\/wp\/v2\/types\/page"}],"author":[{"embeddable":true,"href":"https:\/\/oksiad.org\/tr_tr\/wp-json\/wp\/v2\/users\/1"}],"replies":[{"embeddable":true,"href":"https:\/\/oksiad.org\/tr_tr\/wp-json\/wp\/v2\/comments?post=1605"}],"version-history":[{"count":29,"href":"https:\/\/oksiad.org\/tr_tr\/wp-json\/wp\/v2\/pages\/1605\/revisions"}],"predecessor-version":[{"id":1682,"href":"https:\/\/oksiad.org\/tr_tr\/wp-json\/wp\/v2\/pages\/1605\/revisions\/1682"}],"wp:attachment":[{"href":"https:\/\/oksiad.org\/tr_tr\/wp-json\/wp\/v2\/media?parent=1605"}],"curies":[{"name":"wp","href":"https:\/\/api.w.org\/{rel}","templated":true}]}}